{"id":102,"date":"2024-04-26T14:55:09","date_gmt":"2024-04-26T14:55:09","guid":{"rendered":"https:\/\/balarco.com.mx\/blog\/?page_id=102"},"modified":"2025-09-12T20:39:18","modified_gmt":"2025-09-12T20:39:18","slug":"home","status":"publish","type":"page","link":"https:\/\/balarco.com.mx\/blog\/","title":{"rendered":"Home"},"content":{"rendered":"\t\t<div data-elementor-type=\"wp-page\" data-elementor-id=\"102\" class=\"elementor elementor-102\" data-elementor-post-type=\"page\">\n\t\t\t\t<div class=\"elementor-element elementor-element-9e4617b e-flex e-con-boxed e-con e-parent\" data-id=\"9e4617b\" data-element_type=\"container\" data-e-type=\"container\">\n\t\t\t\t\t<div class=\"e-con-inner\">\n\t\t\t\t<div class=\"elementor-element elementor-element-8bff342 elementor-widget elementor-widget-spacer\" data-id=\"8bff342\" data-element_type=\"widget\" data-e-type=\"widget\" data-widget_type=\"spacer.default\">\n\t\t\t\t<div class=\"elementor-widget-container\">\n\t\t\t\t\t\t\t<div class=\"elementor-spacer\">\n\t\t\t<div class=\"elementor-spacer-inner\"><\/div>\n\t\t<\/div>\n\t\t\t\t\t\t<\/div>\n\t\t\t\t<\/div>\n\t\t\t\t\t<\/div>\n\t\t\t\t<\/div>\n\t\t<div class=\"elementor-element elementor-element-68cf573 e-flex e-con-boxed e-con e-parent\" data-id=\"68cf573\" data-element_type=\"container\" data-e-type=\"container\">\n\t\t\t\t\t<div class=\"e-con-inner\">\n\t\t<div class=\"elementor-element elementor-element-f6e87bc e-con-full e-flex e-con e-child\" data-id=\"f6e87bc\" data-element_type=\"container\" data-e-type=\"container\">\n\t\t\t\t<\/div>\n\t\t<div class=\"elementor-element elementor-element-ae10a86 e-con-full e-flex e-con e-child\" data-id=\"ae10a86\" data-element_type=\"container\" data-e-type=\"container\">\n\t\t\t\t<div class=\"elementor-element elementor-element-85db76f balarco elementor-widget elementor-widget-image\" data-id=\"85db76f\" data-element_type=\"widget\" data-e-type=\"widget\" id=\"balarco\" data-widget_type=\"image.default\">\n\t\t\t\t<div class=\"elementor-widget-container\">\n\t\t\t\t\t\t\t\t\t\t\t\t\t\t\t\t<a href=\"https:\/\/balarco.com.mx\/\" target=\"_blank\">\n\t\t\t\t\t\t\t<img fetchpriority=\"high\" decoding=\"async\" width=\"600\" height=\"147\" src=\"https:\/\/balarco.com.mx\/blog\/wp-content\/uploads\/2024\/04\/cropped-logo-black.png\" class=\"attachment-large size-large wp-image-11\" alt=\"\" srcset=\"https:\/\/balarco.com.mx\/blog\/wp-content\/uploads\/2024\/04\/cropped-logo-black.png 600w, https:\/\/balarco.com.mx\/blog\/wp-content\/uploads\/2024\/04\/cropped-logo-black-300x74.png 300w\" sizes=\"(max-width: 600px) 100vw, 600px\" \/>\t\t\t\t\t\t\t\t<\/a>\n\t\t\t\t\t\t\t\t\t\t\t\t\t\t\t<\/div>\n\t\t\t\t<\/div>\n\t\t\t\t<div class=\"elementor-element elementor-element-2bd05e6 elementor-widget-divider--separator-type-pattern elementor-widget-divider--view-line elementor-widget elementor-widget-divider\" data-id=\"2bd05e6\" data-element_type=\"widget\" data-e-type=\"widget\" data-widget_type=\"divider.default\">\n\t\t\t\t<div class=\"elementor-widget-container\">\n\t\t\t\t\t\t\t<div class=\"elementor-divider\" style=\"--divider-pattern-url: url(&quot;data:image\/svg+xml,%3Csvg xmlns=&#039;http:\/\/www.w3.org\/2000\/svg&#039; preserveAspectRatio=&#039;none&#039; overflow=&#039;visible&#039; height=&#039;100%&#039; viewBox=&#039;0 0 24 24&#039; fill=&#039;none&#039; stroke=&#039;black&#039; stroke-width=&#039;3&#039; stroke-linecap=&#039;square&#039; stroke-miterlimit=&#039;10&#039;%3E%3Cpath d=&#039;M0,6c6,0,6,13,12,13S18,6,24,6&#039;\/%3E%3C\/svg%3E&quot;);\">\n\t\t\t<span class=\"elementor-divider-separator\">\n\t\t\t\t\t\t<\/span>\n\t\t<\/div>\n\t\t\t\t\t\t<\/div>\n\t\t\t\t<\/div>\n\t\t\t\t<div class=\"elementor-element elementor-element-76dddaa elementor-search-form--skin-classic elementor-search-form--button-type-icon elementor-search-form--icon-search elementor-widget elementor-widget-search-form\" data-id=\"76dddaa\" data-element_type=\"widget\" data-e-type=\"widget\" data-settings=\"{&quot;skin&quot;:&quot;classic&quot;}\" data-widget_type=\"search-form.default\">\n\t\t\t\t<div class=\"elementor-widget-container\">\n\t\t\t\t\t\t\t<search role=\"search\">\n\t\t\t<form class=\"elementor-search-form\" action=\"https:\/\/balarco.com.mx\/blog\" method=\"get\">\n\t\t\t\t\t\t\t\t\t\t\t\t<div class=\"elementor-search-form__container\">\n\t\t\t\t\t<label class=\"elementor-screen-only\" for=\"elementor-search-form-76dddaa\">Search<\/label>\n\n\t\t\t\t\t\n\t\t\t\t\t<input id=\"elementor-search-form-76dddaa\" placeholder=\"Buscar\" class=\"elementor-search-form__input\" type=\"search\" name=\"s\" value=\"\">\n\t\t\t\t\t\n\t\t\t\t\t\t\t\t\t\t\t<button class=\"elementor-search-form__submit\" type=\"submit\" aria-label=\"Search\">\n\t\t\t\t\t\t\t\t\t\t\t\t\t\t\t<div class=\"e-font-icon-svg-container\"><svg class=\"fa fa-search e-font-icon-svg e-fas-search\" viewBox=\"0 0 512 512\" xmlns=\"http:\/\/www.w3.org\/2000\/svg\"><path d=\"M505 442.7L405.3 343c-4.5-4.5-10.6-7-17-7H372c27.6-35.3 44-79.7 44-128C416 93.1 322.9 0 208 0S0 93.1 0 208s93.1 208 208 208c48.3 0 92.7-16.4 128-44v16.3c0 6.4 2.5 12.5 7 17l99.7 99.7c9.4 9.4 24.6 9.4 33.9 0l28.3-28.3c9.4-9.4 9.4-24.6.1-34zM208 336c-70.7 0-128-57.2-128-128 0-70.7 57.2-128 128-128 70.7 0 128 57.2 128 128 0 70.7-57.2 128-128 128z\"><\/path><\/svg><\/div>\t\t\t\t\t\t\t\t\t\t\t\t\t<\/button>\n\t\t\t\t\t\n\t\t\t\t\t\t\t\t\t<\/div>\n\t\t\t<\/form>\n\t\t<\/search>\n\t\t\t\t\t\t<\/div>\n\t\t\t\t<\/div>\n\t\t\t\t<\/div>\n\t\t<div class=\"elementor-element elementor-element-febef94 e-con-full e-flex e-con e-child\" data-id=\"febef94\" data-element_type=\"container\" data-e-type=\"container\">\n\t\t\t\t<\/div>\n\t\t\t\t\t<\/div>\n\t\t\t\t<\/div>\n\t\t<div class=\"elementor-element elementor-element-7abc0bb e-flex e-con-boxed e-con e-parent\" data-id=\"7abc0bb\" data-element_type=\"container\" data-e-type=\"container\">\n\t\t\t\t\t<div class=\"e-con-inner\">\n\t\t<div class=\"elementor-element elementor-element-969f431 e-con-full e-flex e-con e-child\" data-id=\"969f431\" data-element_type=\"container\" data-e-type=\"container\">\n\t\t\t\t<\/div>\n\t\t<div class=\"elementor-element elementor-element-66d07d1 e-con-full e-flex e-con e-child\" data-id=\"66d07d1\" data-element_type=\"container\" data-e-type=\"container\">\n\t\t\t\t<div class=\"elementor-element elementor-element-0b286f7 elementor-widget elementor-widget-heading\" data-id=\"0b286f7\" data-element_type=\"widget\" data-e-type=\"widget\" data-widget_type=\"heading.default\">\n\t\t\t\t<div class=\"elementor-widget-container\">\n\t\t\t\t\t<h3 class=\"elementor-heading-title elementor-size-default\">Entradas mas recientes<\/h3>\t\t\t\t<\/div>\n\t\t\t\t<\/div>\n\t\t\t\t<div class=\"elementor-element elementor-element-a1cb9cb elementor-grid-2 elementor-grid-tablet-2 elementor-grid-mobile-1 elementor-posts--thumbnail-top elementor-widget elementor-widget-posts\" data-id=\"a1cb9cb\" data-element_type=\"widget\" data-e-type=\"widget\" data-settings=\"{&quot;classic_columns&quot;:&quot;2&quot;,&quot;pagination_type&quot;:&quot;numbers&quot;,&quot;classic_columns_tablet&quot;:&quot;2&quot;,&quot;classic_columns_mobile&quot;:&quot;1&quot;,&quot;classic_row_gap&quot;:{&quot;unit&quot;:&quot;px&quot;,&quot;size&quot;:35,&quot;sizes&quot;:[]},&quot;classic_row_gap_tablet&quot;:{&quot;unit&quot;:&quot;px&quot;,&quot;size&quot;:&quot;&quot;,&quot;sizes&quot;:[]},&quot;classic_row_gap_mobile&quot;:{&quot;unit&quot;:&quot;px&quot;,&quot;size&quot;:&quot;&quot;,&quot;sizes&quot;:[]}}\" data-widget_type=\"posts.classic\">\n\t\t\t\t<div class=\"elementor-widget-container\">\n\t\t\t\t\t\t\t<div class=\"elementor-posts-container elementor-posts elementor-posts--skin-classic elementor-grid\" role=\"list\">\n\t\t\t\t<article class=\"elementor-post elementor-grid-item post-423 post type-post status-publish format-standard has-post-thumbnail hentry category-marketing\" role=\"listitem\">\n\t\t\t\t<a class=\"elementor-post__thumbnail__link\" href=\"https:\/\/balarco.com.mx\/blog\/?p=423\" tabindex=\"-1\" >\n\t\t\t<div class=\"elementor-post__thumbnail\"><img decoding=\"async\" width=\"800\" height=\"601\" src=\"https:\/\/balarco.com.mx\/blog\/wp-content\/uploads\/2026\/03\/IMG-BLOG-BCO-1024x769.png\" class=\"attachment-large size-large wp-image-424\" alt=\"\" srcset=\"https:\/\/balarco.com.mx\/blog\/wp-content\/uploads\/2026\/03\/IMG-BLOG-BCO-1024x769.png 1024w, https:\/\/balarco.com.mx\/blog\/wp-content\/uploads\/2026\/03\/IMG-BLOG-BCO-300x225.png 300w, https:\/\/balarco.com.mx\/blog\/wp-content\/uploads\/2026\/03\/IMG-BLOG-BCO-768x577.png 768w, https:\/\/balarco.com.mx\/blog\/wp-content\/uploads\/2026\/03\/IMG-BLOG-BCO.png 1410w\" sizes=\"(max-width: 800px) 100vw, 800px\" \/><\/div>\n\t\t<\/a>\n\t\t\t\t<div class=\"elementor-post__text\">\n\t\t\t\t<h3 class=\"elementor-post__title\">\n\t\t\t<a href=\"https:\/\/balarco.com.mx\/blog\/?p=423\" >\n\t\t\t\tCuando la IA deja de ser solo una herramienta: el caso Claude y el reto para M\u00e9xico\t\t\t<\/a>\n\t\t<\/h3>\n\t\t\t\t<div class=\"elementor-post__meta-data\">\n\t\t\t\t\t<span class=\"elementor-post-date\">\n\t\t\tmarzo 19, 2026\t\t<\/span>\n\t\t\t\t<span class=\"elementor-post-avatar\">\n\t\t\tNo hay comentarios\t\t<\/span>\n\t\t\t\t<\/div>\n\t\t\t\t<div class=\"elementor-post__excerpt\">\n\t\t\t<p>Lo que hace poco parec\u00eda ciencia ficci\u00f3n hoy es una conversaci\u00f3n muy real. Una inteligencia artificial creada para ayudar y resolver problemas complejos fue presuntamente utilizada para facilitar ataques contra instituciones p\u00fablicas en M\u00e9xico.<\/p>\n\t\t<\/div>\n\t\t\n\t\t<a class=\"elementor-post__read-more\" href=\"https:\/\/balarco.com.mx\/blog\/?p=423\" aria-label=\"Read more about Cuando la IA deja de ser solo una herramienta: el caso Claude y el reto para M\u00e9xico\" tabindex=\"-1\" >\n\t\t\tLeer m\u00e1s...\t\t<\/a>\n\n\t\t\t\t<\/div>\n\t\t\t\t<\/article>\n\t\t\t\t<article class=\"elementor-post elementor-grid-item post-419 post type-post status-publish format-standard has-post-thumbnail hentry category-marketing\" role=\"listitem\">\n\t\t\t\t<a class=\"elementor-post__thumbnail__link\" href=\"https:\/\/balarco.com.mx\/blog\/?p=419\" tabindex=\"-1\" >\n\t\t\t<div class=\"elementor-post__thumbnail\"><img decoding=\"async\" width=\"800\" height=\"548\" src=\"https:\/\/balarco.com.mx\/blog\/wp-content\/uploads\/2026\/03\/9-1024x701.jpg\" class=\"attachment-large size-large wp-image-420\" alt=\"\" srcset=\"https:\/\/balarco.com.mx\/blog\/wp-content\/uploads\/2026\/03\/9-1024x701.jpg 1024w, https:\/\/balarco.com.mx\/blog\/wp-content\/uploads\/2026\/03\/9-300x205.jpg 300w, https:\/\/balarco.com.mx\/blog\/wp-content\/uploads\/2026\/03\/9-768x526.jpg 768w, https:\/\/balarco.com.mx\/blog\/wp-content\/uploads\/2026\/03\/9-1536x1051.jpg 1536w, https:\/\/balarco.com.mx\/blog\/wp-content\/uploads\/2026\/03\/9-2048x1402.jpg 2048w\" sizes=\"(max-width: 800px) 100vw, 800px\" \/><\/div>\n\t\t<\/a>\n\t\t\t\t<div class=\"elementor-post__text\">\n\t\t\t\t<h3 class=\"elementor-post__title\">\n\t\t\t<a href=\"https:\/\/balarco.com.mx\/blog\/?p=419\" >\n\t\t\t\tDise\u00f1o con Prop\u00f3sito: Marcas que Impulsan el Cambio en el 8M\t\t\t<\/a>\n\t\t<\/h3>\n\t\t\t\t<div class=\"elementor-post__meta-data\">\n\t\t\t\t\t<span class=\"elementor-post-date\">\n\t\t\tmarzo 6, 2026\t\t<\/span>\n\t\t\t\t<span class=\"elementor-post-avatar\">\n\t\t\tNo hay comentarios\t\t<\/span>\n\t\t\t\t<\/div>\n\t\t\t\t<div class=\"elementor-post__excerpt\">\n\t\t\t<p>Cada 8 de marzo, el mundo conmemora el D\u00eda Internacional de la Mujer, una fecha que va mucho m\u00e1s all\u00e1 de una celebraci\u00f3n: es un recordatorio de la lucha hist\u00f3rica por la igualdad de derechos, oportunidades y representaci\u00f3n.<\/p>\n\t\t<\/div>\n\t\t\n\t\t<a class=\"elementor-post__read-more\" href=\"https:\/\/balarco.com.mx\/blog\/?p=419\" aria-label=\"Read more about Dise\u00f1o con Prop\u00f3sito: Marcas que Impulsan el Cambio en el 8M\" tabindex=\"-1\" >\n\t\t\tLeer m\u00e1s...\t\t<\/a>\n\n\t\t\t\t<\/div>\n\t\t\t\t<\/article>\n\t\t\t\t<article class=\"elementor-post elementor-grid-item post-415 post type-post status-publish format-standard has-post-thumbnail hentry category-marketing\" role=\"listitem\">\n\t\t\t\t<a class=\"elementor-post__thumbnail__link\" href=\"https:\/\/balarco.com.mx\/blog\/?p=415\" tabindex=\"-1\" >\n\t\t\t<div class=\"elementor-post__thumbnail\"><img loading=\"lazy\" decoding=\"async\" width=\"800\" height=\"598\" src=\"https:\/\/balarco.com.mx\/blog\/wp-content\/uploads\/2026\/02\/IMG-35467-1024x765.jpeg\" class=\"attachment-large size-large wp-image-416\" alt=\"\" srcset=\"https:\/\/balarco.com.mx\/blog\/wp-content\/uploads\/2026\/02\/IMG-35467-1024x765.jpeg 1024w, https:\/\/balarco.com.mx\/blog\/wp-content\/uploads\/2026\/02\/IMG-35467-300x224.jpeg 300w, https:\/\/balarco.com.mx\/blog\/wp-content\/uploads\/2026\/02\/IMG-35467-768x574.jpeg 768w, https:\/\/balarco.com.mx\/blog\/wp-content\/uploads\/2026\/02\/IMG-35467-1536x1147.jpeg 1536w, https:\/\/balarco.com.mx\/blog\/wp-content\/uploads\/2026\/02\/IMG-35467.jpeg 1600w\" sizes=\"(max-width: 800px) 100vw, 800px\" \/><\/div>\n\t\t<\/a>\n\t\t\t\t<div class=\"elementor-post__text\">\n\t\t\t\t<h3 class=\"elementor-post__title\">\n\t\t\t<a href=\"https:\/\/balarco.com.mx\/blog\/?p=415\" >\n\t\t\t\tFebrero: el mes de las decisiones creativas\t\t\t<\/a>\n\t\t<\/h3>\n\t\t\t\t<div class=\"elementor-post__meta-data\">\n\t\t\t\t\t<span class=\"elementor-post-date\">\n\t\t\tfebrero 24, 2026\t\t<\/span>\n\t\t\t\t<span class=\"elementor-post-avatar\">\n\t\t\tNo hay comentarios\t\t<\/span>\n\t\t\t\t<\/div>\n\t\t\t\t<div class=\"elementor-post__excerpt\">\n\t\t\t<p>Enero llega cargado de prop\u00f3sitos. Febrero, en cambio, trae algo mucho m\u00e1s valioso: decisiones.<\/p>\n<p>Es el mes en el que las ideas dejan de ser promesas y empiezan a tomar forma. En el mundo del dise\u00f1o y la publicidad, febrero marca un punto clave: el momento de apostar por la creatividad con intenci\u00f3n estrat\u00e9gica.<\/p>\n\t\t<\/div>\n\t\t\n\t\t<a class=\"elementor-post__read-more\" href=\"https:\/\/balarco.com.mx\/blog\/?p=415\" aria-label=\"Read more about Febrero: el mes de las decisiones creativas\" tabindex=\"-1\" >\n\t\t\tLeer m\u00e1s...\t\t<\/a>\n\n\t\t\t\t<\/div>\n\t\t\t\t<\/article>\n\t\t\t\t<article class=\"elementor-post elementor-grid-item post-411 post type-post status-publish format-standard has-post-thumbnail hentry category-marketing\" role=\"listitem\">\n\t\t\t\t<a class=\"elementor-post__thumbnail__link\" href=\"https:\/\/balarco.com.mx\/blog\/?p=411\" tabindex=\"-1\" >\n\t\t\t<div class=\"elementor-post__thumbnail\"><img loading=\"lazy\" decoding=\"async\" width=\"800\" height=\"538\" src=\"https:\/\/balarco.com.mx\/blog\/wp-content\/uploads\/2026\/02\/IMG.5425-1024x689.jpeg\" class=\"attachment-large size-large wp-image-412\" alt=\"\" srcset=\"https:\/\/balarco.com.mx\/blog\/wp-content\/uploads\/2026\/02\/IMG.5425-1024x689.jpeg 1024w, https:\/\/balarco.com.mx\/blog\/wp-content\/uploads\/2026\/02\/IMG.5425-300x202.jpeg 300w, https:\/\/balarco.com.mx\/blog\/wp-content\/uploads\/2026\/02\/IMG.5425-768x516.jpeg 768w, https:\/\/balarco.com.mx\/blog\/wp-content\/uploads\/2026\/02\/IMG.5425-1536x1033.jpeg 1536w, https:\/\/balarco.com.mx\/blog\/wp-content\/uploads\/2026\/02\/IMG.5425.jpeg 1600w\" sizes=\"(max-width: 800px) 100vw, 800px\" \/><\/div>\n\t\t<\/a>\n\t\t\t\t<div class=\"elementor-post__text\">\n\t\t\t\t<h3 class=\"elementor-post__title\">\n\t\t\t<a href=\"https:\/\/balarco.com.mx\/blog\/?p=411\" >\n\t\t\t\tLo que las marcas creativas han aprendido del Super Bowl\t\t\t<\/a>\n\t\t<\/h3>\n\t\t\t\t<div class=\"elementor-post__meta-data\">\n\t\t\t\t\t<span class=\"elementor-post-date\">\n\t\t\tfebrero 9, 2026\t\t<\/span>\n\t\t\t\t<span class=\"elementor-post-avatar\">\n\t\t\tNo hay comentarios\t\t<\/span>\n\t\t\t\t<\/div>\n\t\t\t\t<div class=\"elementor-post__excerpt\">\n\t\t\t<p>Cada a\u00f1o, millones de espectadores lo sintonizan no solo por el juego, sino por los anuncios que se han convertido en piezas culturales de alto impacto. M\u00e1s all\u00e1 de los grandes presupuestos, estas campa\u00f1as ense\u00f1an lecciones valiosas sobre narrativas efectivas, engagement emocional y estrategia de marca.<\/p>\n\t\t<\/div>\n\t\t\n\t\t<a class=\"elementor-post__read-more\" href=\"https:\/\/balarco.com.mx\/blog\/?p=411\" aria-label=\"Read more about Lo que las marcas creativas han aprendido del Super Bowl\" tabindex=\"-1\" >\n\t\t\tLeer m\u00e1s...\t\t<\/a>\n\n\t\t\t\t<\/div>\n\t\t\t\t<\/article>\n\t\t\t\t<article class=\"elementor-post elementor-grid-item post-406 post type-post status-publish format-standard has-post-thumbnail hentry category-marketing\" role=\"listitem\">\n\t\t\t\t<a class=\"elementor-post__thumbnail__link\" href=\"https:\/\/balarco.com.mx\/blog\/?p=406\" tabindex=\"-1\" >\n\t\t\t<div class=\"elementor-post__thumbnail\"><img loading=\"lazy\" decoding=\"async\" width=\"800\" height=\"560\" src=\"https:\/\/balarco.com.mx\/blog\/wp-content\/uploads\/2026\/01\/2-1024x717.png\" class=\"attachment-large size-large wp-image-407\" alt=\"\" srcset=\"https:\/\/balarco.com.mx\/blog\/wp-content\/uploads\/2026\/01\/2-1024x717.png 1024w, https:\/\/balarco.com.mx\/blog\/wp-content\/uploads\/2026\/01\/2-300x210.png 300w, https:\/\/balarco.com.mx\/blog\/wp-content\/uploads\/2026\/01\/2-768x538.png 768w, https:\/\/balarco.com.mx\/blog\/wp-content\/uploads\/2026\/01\/2-1536x1075.png 1536w, https:\/\/balarco.com.mx\/blog\/wp-content\/uploads\/2026\/01\/2-2048x1434.png 2048w\" sizes=\"(max-width: 800px) 100vw, 800px\" \/><\/div>\n\t\t<\/a>\n\t\t\t\t<div class=\"elementor-post__text\">\n\t\t\t\t<h3 class=\"elementor-post__title\">\n\t\t\t<a href=\"https:\/\/balarco.com.mx\/blog\/?p=406\" >\n\t\t\t\tLanzamientos estrat\u00e9gicos: marketing alineado a objetivos de negocio\t\t\t<\/a>\n\t\t<\/h3>\n\t\t\t\t<div class=\"elementor-post__meta-data\">\n\t\t\t\t\t<span class=\"elementor-post-date\">\n\t\t\tenero 27, 2026\t\t<\/span>\n\t\t\t\t<span class=\"elementor-post-avatar\">\n\t\t\tNo hay comentarios\t\t<\/span>\n\t\t\t\t<\/div>\n\t\t\t\t<div class=\"elementor-post__excerpt\">\n\t\t\t<p>El 2026 se perfila como un a\u00f1o de transformaci\u00f3n digital acelerada, donde las marcas que sepan anticipar tendencias y adaptarse estrat\u00e9gicamente marcar\u00e1n la diferencia.<\/p>\n\t\t<\/div>\n\t\t\n\t\t<a class=\"elementor-post__read-more\" href=\"https:\/\/balarco.com.mx\/blog\/?p=406\" aria-label=\"Read more about Lanzamientos estrat\u00e9gicos: marketing alineado a objetivos de negocio\" tabindex=\"-1\" >\n\t\t\tLeer m\u00e1s...\t\t<\/a>\n\n\t\t\t\t<\/div>\n\t\t\t\t<\/article>\n\t\t\t\t<article class=\"elementor-post elementor-grid-item post-402 post type-post status-publish format-standard has-post-thumbnail hentry category-marketing\" role=\"listitem\">\n\t\t\t\t<a class=\"elementor-post__thumbnail__link\" href=\"https:\/\/balarco.com.mx\/blog\/?p=402\" tabindex=\"-1\" >\n\t\t\t<div class=\"elementor-post__thumbnail\"><img loading=\"lazy\" decoding=\"async\" width=\"800\" height=\"450\" src=\"https:\/\/balarco.com.mx\/blog\/wp-content\/uploads\/2026\/01\/1-1024x576.png\" class=\"attachment-large size-large wp-image-403\" alt=\"\" srcset=\"https:\/\/balarco.com.mx\/blog\/wp-content\/uploads\/2026\/01\/1-1024x576.png 1024w, https:\/\/balarco.com.mx\/blog\/wp-content\/uploads\/2026\/01\/1-300x169.png 300w, https:\/\/balarco.com.mx\/blog\/wp-content\/uploads\/2026\/01\/1-768x432.png 768w, https:\/\/balarco.com.mx\/blog\/wp-content\/uploads\/2026\/01\/1-1536x864.png 1536w, https:\/\/balarco.com.mx\/blog\/wp-content\/uploads\/2026\/01\/1-2048x1152.png 2048w\" sizes=\"(max-width: 800px) 100vw, 800px\" \/><\/div>\n\t\t<\/a>\n\t\t\t\t<div class=\"elementor-post__text\">\n\t\t\t\t<h3 class=\"elementor-post__title\">\n\t\t\t<a href=\"https:\/\/balarco.com.mx\/blog\/?p=402\" >\n\t\t\t\tEl dise\u00f1o como ventaja competitiva en la planeaci\u00f3n anual de una marca\t\t\t<\/a>\n\t\t<\/h3>\n\t\t\t\t<div class=\"elementor-post__meta-data\">\n\t\t\t\t\t<span class=\"elementor-post-date\">\n\t\t\tenero 12, 2026\t\t<\/span>\n\t\t\t\t<span class=\"elementor-post-avatar\">\n\t\t\tNo hay comentarios\t\t<\/span>\n\t\t\t\t<\/div>\n\t\t\t\t<div class=\"elementor-post__excerpt\">\n\t\t\t<p>Todo comienza mucho antes de un logotipo o una campa\u00f1a. Comienza cuando una marca se sienta a planear su a\u00f1o y se hace una pregunta que define su rumbo: \u00bfC\u00f3mo queremos que nos recuerden? <\/p>\n\t\t<\/div>\n\t\t\n\t\t<a class=\"elementor-post__read-more\" href=\"https:\/\/balarco.com.mx\/blog\/?p=402\" aria-label=\"Read more about El dise\u00f1o como ventaja competitiva en la planeaci\u00f3n anual de una marca\" tabindex=\"-1\" >\n\t\t\tLeer m\u00e1s...\t\t<\/a>\n\n\t\t\t\t<\/div>\n\t\t\t\t<\/article>\n\t\t\t\t<\/div>\n\t\t\n\t\t\t\t<div class=\"e-load-more-anchor\" data-page=\"1\" data-max-page=\"8\" data-next-page=\"https:\/\/balarco.com.mx\/blog\/index.php?rest_route=%2Fwp%2Fv2%2Fpages%2F102&#038;paged=2\"><\/div>\n\t\t\t\t<nav class=\"elementor-pagination\" aria-label=\"Pagination\">\n\t\t\t<span aria-current=\"page\" class=\"page-numbers current\"><span class=\"elementor-screen-only\">Page<\/span>1<\/span>\n<a class=\"page-numbers\" href=\"https:\/\/balarco.com.mx\/blog\/index.php\/?paged=2\"><span class=\"elementor-screen-only\">Page<\/span>2<\/a>\n<a class=\"page-numbers\" href=\"https:\/\/balarco.com.mx\/blog\/index.php\/?paged=3\"><span class=\"elementor-screen-only\">Page<\/span>3<\/a>\n<a class=\"page-numbers\" href=\"https:\/\/balarco.com.mx\/blog\/index.php\/?paged=4\"><span class=\"elementor-screen-only\">Page<\/span>4<\/a>\n<a class=\"page-numbers\" href=\"https:\/\/balarco.com.mx\/blog\/index.php\/?paged=5\"><span class=\"elementor-screen-only\">Page<\/span>5<\/a>\t\t<\/nav>\n\t\t\t\t\t\t<\/div>\n\t\t\t\t<\/div>\n\t\t\t\t<\/div>\n\t\t<div class=\"elementor-element elementor-element-3437bf8 e-con-full e-flex e-con e-child\" data-id=\"3437bf8\" data-element_type=\"container\" data-e-type=\"container\">\n\t\t\t\t<\/div>\n\t\t\t\t\t<\/div>\n\t\t\t\t<\/div>\n\t\t<div class=\"elementor-element elementor-element-960e153 e-flex e-con-boxed e-con e-parent\" data-id=\"960e153\" data-element_type=\"container\" data-e-type=\"container\">\n\t\t\t\t\t<div class=\"e-con-inner\">\n\t\t\t\t<div class=\"elementor-element elementor-element-92305ee elementor-widget elementor-widget-spacer\" data-id=\"92305ee\" data-element_type=\"widget\" data-e-type=\"widget\" data-widget_type=\"spacer.default\">\n\t\t\t\t<div class=\"elementor-widget-container\">\n\t\t\t\t\t\t\t<div class=\"elementor-spacer\">\n\t\t\t<div class=\"elementor-spacer-inner\"><\/div>\n\t\t<\/div>\n\t\t\t\t\t\t<\/div>\n\t\t\t\t<\/div>\n\t\t\t\t\t<\/div>\n\t\t\t\t<\/div>\n\t\t\t\t<\/div>\n\t\t","protected":false},"excerpt":{"rendered":"<p>Entradas mas recientes<\/p>\n","protected":false},"author":1,"featured_media":0,"parent":0,"menu_order":0,"comment_status":"closed","ping_status":"closed","template":"elementor_header_footer","meta":{"footnotes":""},"class_list":["post-102","page","type-page","status-publish","hentry"],"_links":{"self":[{"href":"https:\/\/balarco.com.mx\/blog\/index.php?rest_route=\/wp\/v2\/pages\/102","targetHints":{"allow":["GET"]}}],"collection":[{"href":"https:\/\/balarco.com.mx\/blog\/index.php?rest_route=\/wp\/v2\/pages"}],"about":[{"href":"https:\/\/balarco.com.mx\/blog\/index.php?rest_route=\/wp\/v2\/types\/page"}],"author":[{"embeddable":true,"href":"https:\/\/balarco.com.mx\/blog\/index.php?rest_route=\/wp\/v2\/users\/1"}],"replies":[{"embeddable":true,"href":"https:\/\/balarco.com.mx\/blog\/index.php?rest_route=%2Fwp%2Fv2%2Fcomments&post=102"}],"version-history":[{"count":49,"href":"https:\/\/balarco.com.mx\/blog\/index.php?rest_route=\/wp\/v2\/pages\/102\/revisions"}],"predecessor-version":[{"id":359,"href":"https:\/\/balarco.com.mx\/blog\/index.php?rest_route=\/wp\/v2\/pages\/102\/revisions\/359"}],"wp:attachment":[{"href":"https:\/\/balarco.com.mx\/blog\/index.php?rest_route=%2Fwp%2Fv2%2Fmedia&parent=102"}],"curies":[{"name":"wp","href":"https:\/\/api.w.org\/{rel}","templated":true}]}}